{"id":508,"date":"2019-03-06T08:02:34","date_gmt":"2019-03-06T08:02:34","guid":{"rendered":"http:\/\/totvare.com.vn\/?page_id=508"},"modified":"2021-07-12T08:34:14","modified_gmt":"2021-07-12T08:34:14","slug":"gioi-thieu","status":"publish","type":"page","link":"https:\/\/thuoc2z.mauthemevn.com\/?page_id=508","title":{"rendered":"Gi\u1edbi thi\u1ec7u"},"content":{"rendered":"<p style=\"text-align: justify;\">Bigfamily.com \u0111\u01b0\u1ee3c th\u00e0nh l\u1eadp t\u1eeb n\u0103m 2018 l\u00e0 1 trong nh\u1eefng startup th\u00e0nh c\u00f4ng trong l\u0129nh v\u1ef1c c\u00f4ng ngh\u1ec7 v\u1ec1 y t\u1ebf.<br \/>\nHi\u1ec7n t\u1ea1i c\u00f4ng th\u00f4ng tin \u0111i\u1ec7n t\u1eed cung c\u1ea5p cho 216 nh\u00e0 thu\u1ed1c v\u00e0 ph\u00f2ng kh\u00e1m tr\u00ean kh\u1eafp Vi\u1ec7t Nam.<br \/>\nL\u00e0 1 trong nh\u1eefng n\u01a1i l\u00e0m vi\u1ec7c thu h\u00fat c\u00e1c t\u00e0i n\u0103ng tr\u1ebb v\u1edbi \u0111am m\u00ea \u1ee9ng d\u1ee5ng c\u00f4ng ngh\u1ec7 4.0 v\u00e0o n\u1ec1n Y t\u1ebf.<\/p>\n<p style=\"text-align: justify;\"><strong>M\u1ee4C TI\u00caU C\u1ee6A CH\u00daNG T\u00d4I<\/strong><\/p>\n<p style=\"text-align: justify;\">Trong t\u01b0\u01a1ng lai Bigfamily.com h\u01b0\u1edbng \u0111\u1ebfn kh\u00f4ng nh\u1eefng gi\u00fap ph\u00e1t tri\u1ec3n h\u1ec7 th\u1ed1ng Y t\u1ebf t\u1ea1i Vi\u1ec7t Nam m\u00e0 c\u00f2n l\u00e0 n\u1ec1n t\u1ea3ng hi\u1ec7n \u0111\u1ea1i h\u00f3a c\u00e1c k\u00eanh ph\u00e2n ph\u1ed1i truy\u1ec1n th\u1ed1ng.<br \/>\nTrong chu\u1ed7i ph\u00e2n ph\u1ed1i hi\u1ec7n t\u1ea1i, c\u00f3 kh\u00e1 nhi\u1ec1u doanh nghi\u1ec7p, c\u00e1 nh\u00e2n v\u00e0 c\u00e1c t\u1ed5 ch\u1ee9c kh\u00e1c nhau tham gia.<br \/>\nV\u1edbi t\u1ea7m nh\u00ecn n\u00e0y, ch\u00fang t\u00f4i d\u1ea7n thay \u0111\u1ed5i c\u00e1c k\u00eanh ph\u00e2n ph\u1ed1i l\u00e2u \u0111\u1eddi, gi\u00fap n\u00e2ng cao ch\u1ea5t l\u01b0\u1ee3ng y t\u1ebf \u0111\u1ebfn m\u1ecdi v\u00f9ng mi\u1ec1n nh\u1eb1m duy tr\u00ec ch\u1ea5t l\u01b0\u1ee3ng cu\u1ed9c s\u1ed1ng.<\/p>\n<p style=\"text-align: justify;\"><strong>S\u1ee8 M\u1ec6NH<\/strong><br \/>\n\u1ee8ng d\u1ee5ng c\u00f4ng ngh\u1ec7 t\u1ed1i \u0111a \u0111\u1ec3 cho ra m\u00f4 h\u00ecnh gi\u1ea3i quy\u1ebft c\u00e1c v\u1ea5n \u0111\u1ec1 Y t\u1ebf m\u1ed9t c\u00e1ch nhanh ch\u00f3ng hi\u1ec7u qu\u1ea3 v\u00e0 ch\u1ea5t l\u01b0\u1ee3ng cao.<\/p>\n","protected":false},"excerpt":{"rendered":"<p>Bigfamily.com \u0111\u01b0\u1ee3c th\u00e0nh l\u1eadp t\u1eeb n\u0103m 2018 l\u00e0 1 trong nh\u1eefng startup th\u00e0nh c\u00f4ng trong l\u0129nh v\u1ef1c c\u00f4ng ngh\u1ec7 v\u1ec1 y t\u1ebf. Hi\u1ec7n t\u1ea1i c\u00f4ng th\u00f4ng tin \u0111i\u1ec7n t\u1eed cung c\u1ea5p cho 216 nh\u00e0 thu\u1ed1c v\u00e0 ph\u00f2ng kh\u00e1m tr\u00ean kh\u1eafp Vi\u1ec7t Nam. L\u00e0 1 trong nh\u1eefng n\u01a1i l\u00e0m vi\u1ec7c thu h\u00fat c\u00e1c t\u00e0i n\u0103ng tr\u1ebb [&#8230;]\n","protected":false},"author":1,"featured_media":0,"parent":0,"menu_order":0,"comment_status":"closed","ping_status":"closed","template":"","meta":{"footnotes":""},"class_list":["post-508","page","type-page","status-publish","hentry"],"yoast_head":"<!-- This site is optimized with the Yoast SEO plugin v26.2 - https:\/\/yoast.com\/wordpress\/plugins\/seo\/ -->\n<title>Web thu\u1ed1c<\/title>\n<meta name=\"robots\" content=\"noindex, follow, max-snippet:-1, max-image-preview:large, max-video-preview:-1\" \/>\n<meta property=\"og:locale\" content=\"vi_VN\" \/>\n<meta property=\"og:type\" content=\"article\" \/>\n<meta property=\"og:title\" content=\"Web thu\u1ed1c\" \/>\n<meta property=\"og:description\" content=\"Bigfamily.com \u0111\u01b0\u1ee3c th\u00e0nh l\u1eadp t\u1eeb n\u0103m 2018 l\u00e0 1 trong nh\u1eefng startup th\u00e0nh c\u00f4ng trong l\u0129nh v\u1ef1c c\u00f4ng ngh\u1ec7 v\u1ec1 y t\u1ebf. Hi\u1ec7n t\u1ea1i c\u00f4ng th\u00f4ng tin \u0111i\u1ec7n t\u1eed cung c\u1ea5p cho 216 nh\u00e0 thu\u1ed1c v\u00e0 ph\u00f2ng kh\u00e1m tr\u00ean kh\u1eafp Vi\u1ec7t Nam. L\u00e0 1 trong nh\u1eefng n\u01a1i l\u00e0m vi\u1ec7c thu h\u00fat c\u00e1c t\u00e0i n\u0103ng tr\u1ebb [...]\" \/>\n<meta property=\"og:url\" content=\"https:\/\/thuoc2z.mauthemevn.com\/?page_id=508\" \/>\n<meta property=\"og:site_name\" content=\"Web thu\u1ed1c\" \/>\n<meta property=\"article:modified_time\" content=\"2021-07-12T08:34:14+00:00\" \/>\n<meta name=\"twitter:card\" content=\"summary_large_image\" \/>\n<meta name=\"twitter:label1\" content=\"\u01af\u1edbc t\u00ednh th\u1eddi gian \u0111\u1ecdc\" \/>\n\t<meta name=\"twitter:data1\" content=\"1 ph\u00fat\" \/>\n<script type=\"application\/ld+json\" class=\"yoast-schema-graph\">{\"@context\":\"https:\/\/schema.org\",\"@graph\":[{\"@type\":\"WebPage\",\"@id\":\"https:\/\/thuoc2z.mauthemevn.com\/?page_id=508\",\"url\":\"https:\/\/thuoc2z.mauthemevn.com\/?page_id=508\",\"name\":\"Web thu\u1ed1c\",\"isPartOf\":{\"@id\":\"https:\/\/thuoc2z.mauthemevn.com\/#website\"},\"datePublished\":\"2019-03-06T08:02:34+00:00\",\"dateModified\":\"2021-07-12T08:34:14+00:00\",\"breadcrumb\":{\"@id\":\"https:\/\/thuoc2z.mauthemevn.com\/?page_id=508#breadcrumb\"},\"inLanguage\":\"vi\",\"potentialAction\":[{\"@type\":\"ReadAction\",\"target\":[\"https:\/\/thuoc2z.mauthemevn.com\/?page_id=508\"]}]},{\"@type\":\"BreadcrumbList\",\"@id\":\"https:\/\/thuoc2z.mauthemevn.com\/?page_id=508#breadcrumb\",\"itemListElement\":[{\"@type\":\"ListItem\",\"position\":1,\"name\":\"Trang ch\u1ee7\",\"item\":\"https:\/\/thuoc2z.mauthemevn.com\/\"},{\"@type\":\"ListItem\",\"position\":2,\"name\":\"Gi\u1edbi thi\u1ec7u\"}]},{\"@type\":\"WebSite\",\"@id\":\"https:\/\/thuoc2z.mauthemevn.com\/#website\",\"url\":\"https:\/\/thuoc2z.mauthemevn.com\/\",\"name\":\"Web thu\u1ed1c\",\"description\":\"\",\"potentialAction\":[{\"@type\":\"SearchAction\",\"target\":{\"@type\":\"EntryPoint\",\"urlTemplate\":\"https:\/\/thuoc2z.mauthemevn.com\/?s={search_term_string}\"},\"query-input\":{\"@type\":\"PropertyValueSpecification\",\"valueRequired\":true,\"valueName\":\"search_term_string\"}}],\"inLanguage\":\"vi\"}]}<\/script>\n<!-- \/ Yoast SEO plugin. -->","yoast_head_json":{"title":"Web thu\u1ed1c","robots":{"index":"noindex","follow":"follow","max-snippet":"max-snippet:-1","max-image-preview":"max-image-preview:large","max-video-preview":"max-video-preview:-1"},"og_locale":"vi_VN","og_type":"article","og_title":"Web thu\u1ed1c","og_description":"Bigfamily.com \u0111\u01b0\u1ee3c th\u00e0nh l\u1eadp t\u1eeb n\u0103m 2018 l\u00e0 1 trong nh\u1eefng startup th\u00e0nh c\u00f4ng trong l\u0129nh v\u1ef1c c\u00f4ng ngh\u1ec7 v\u1ec1 y t\u1ebf. Hi\u1ec7n t\u1ea1i c\u00f4ng th\u00f4ng tin \u0111i\u1ec7n t\u1eed cung c\u1ea5p cho 216 nh\u00e0 thu\u1ed1c v\u00e0 ph\u00f2ng kh\u00e1m tr\u00ean kh\u1eafp Vi\u1ec7t Nam. L\u00e0 1 trong nh\u1eefng n\u01a1i l\u00e0m vi\u1ec7c thu h\u00fat c\u00e1c t\u00e0i n\u0103ng tr\u1ebb [...]","og_url":"https:\/\/thuoc2z.mauthemevn.com\/?page_id=508","og_site_name":"Web thu\u1ed1c","article_modified_time":"2021-07-12T08:34:14+00:00","twitter_card":"summary_large_image","twitter_misc":{"\u01af\u1edbc t\u00ednh th\u1eddi gian \u0111\u1ecdc":"1 ph\u00fat"},"schema":{"@context":"https:\/\/schema.org","@graph":[{"@type":"WebPage","@id":"https:\/\/thuoc2z.mauthemevn.com\/?page_id=508","url":"https:\/\/thuoc2z.mauthemevn.com\/?page_id=508","name":"Web thu\u1ed1c","isPartOf":{"@id":"https:\/\/thuoc2z.mauthemevn.com\/#website"},"datePublished":"2019-03-06T08:02:34+00:00","dateModified":"2021-07-12T08:34:14+00:00","breadcrumb":{"@id":"https:\/\/thuoc2z.mauthemevn.com\/?page_id=508#breadcrumb"},"inLanguage":"vi","potentialAction":[{"@type":"ReadAction","target":["https:\/\/thuoc2z.mauthemevn.com\/?page_id=508"]}]},{"@type":"BreadcrumbList","@id":"https:\/\/thuoc2z.mauthemevn.com\/?page_id=508#breadcrumb","itemListElement":[{"@type":"ListItem","position":1,"name":"Trang ch\u1ee7","item":"https:\/\/thuoc2z.mauthemevn.com\/"},{"@type":"ListItem","position":2,"name":"Gi\u1edbi thi\u1ec7u"}]},{"@type":"WebSite","@id":"https:\/\/thuoc2z.mauthemevn.com\/#website","url":"https:\/\/thuoc2z.mauthemevn.com\/","name":"Web thu\u1ed1c","description":"","potentialAction":[{"@type":"SearchAction","target":{"@type":"EntryPoint","urlTemplate":"https:\/\/thuoc2z.mauthemevn.com\/?s={search_term_string}"},"query-input":{"@type":"PropertyValueSpecification","valueRequired":true,"valueName":"search_term_string"}}],"inLanguage":"vi"}]}},"_links":{"self":[{"href":"https:\/\/thuoc2z.mauthemevn.com\/index.php?rest_route=\/wp\/v2\/pages\/508","targetHints":{"allow":["GET"]}}],"collection":[{"href":"https:\/\/thuoc2z.mauthemevn.com\/index.php?rest_route=\/wp\/v2\/pages"}],"about":[{"href":"https:\/\/thuoc2z.mauthemevn.com\/index.php?rest_route=\/wp\/v2\/types\/page"}],"author":[{"embeddable":true,"href":"https:\/\/thuoc2z.mauthemevn.com\/index.php?rest_route=\/wp\/v2\/users\/1"}],"replies":[{"embeddable":true,"href":"https:\/\/thuoc2z.mauthemevn.com\/index.php?rest_route=%2Fwp%2Fv2%2Fcomments&post=508"}],"version-history":[{"count":0,"href":"https:\/\/thuoc2z.mauthemevn.com\/index.php?rest_route=\/wp\/v2\/pages\/508\/revisions"}],"wp:attachment":[{"href":"https:\/\/thuoc2z.mauthemevn.com\/index.php?rest_route=%2Fwp%2Fv2%2Fmedia&parent=508"}],"curies":[{"name":"wp","href":"https:\/\/api.w.org\/{rel}","templated":true}]}}