{"id":8436,"date":"2021-09-30T07:30:39","date_gmt":"2021-09-30T07:30:39","guid":{"rendered":"http:\/\/maudep.com.vn\/thuoc\/?post_type=product&#038;p=8436"},"modified":"2021-09-30T07:31:36","modified_gmt":"2021-09-30T07:31:36","slug":"vien-uong-bo-sung-vitamin-khoang-chat-multivit-daglig","status":"publish","type":"product","link":"https:\/\/thuoc2z.mauthemevn.com\/?product=vien-uong-bo-sung-vitamin-khoang-chat-multivit-daglig","title":{"rendered":"Vi\u00ean U\u1ed1ng B\u1ed5 Sung Vitamin Kho\u00e1ng Ch\u1ea5t Multivit Daglig"},"content":{"rendered":"<p><span style=\"font-size: 20px;\"><strong>Multivit Daglig Pharmatech &#8211; B\u1ea3o v\u1ec7 s\u1ee9c kh\u1ecfe to\u00e0n di\u1ec7n h\u01a1n<\/strong><\/span><\/p>\n<p>S\u1ee9c kh\u1ecfe c\u1ee7a b\u1ea1n v\u00e0 gia \u0111\u00ecnh s\u1ebd \u0111\u01b0\u1ee3c b\u1ea3o v\u1ec7 to\u00e0n di\u1ec7n h\u01a1n n\u1ebfu cung c\u1ea5p \u0111\u1ea7y \u0111\u1ee7 c\u00e1c ch\u1ea5t dinh d\u01b0\u1ee1ng theo nhu c\u1ea7u c\u01a1 th\u1ec3 m\u1ed7i ng\u00e0y. Trong \u0111\u00f3, vitamin v\u00e0 kho\u00e1ng ch\u1ea5t l\u00e0 nh\u1eefng ch\u1ea5t c\u1ea7n thi\u1ebft c\u00f3 l\u1ee3i cho s\u1ef1 t\u1ed3n t\u1ea1i v\u00e0 ph\u00e1t tri\u1ec3n b\u00ecnh th\u01b0\u1eddng c\u1ee7a c\u01a1 th\u1ec3. Nh\u01b0ng l\u00e0m c\u00e1ch n\u00e0o \u0111\u1ec3 b\u1ed5 sung vitamin v\u00e0 kho\u00e1ng ch\u1ea5t \u0111\u1ea7y \u0111\u1ee7 trong khi m\u1ed9t b\u1eefa \u0103n trung b\u00ecnh hi\u1ec7n nay h\u1ea7u nh\u01b0 kh\u00f4ng c\u00e2n \u0111\u1ed1i c\u00e1c nh\u00f3m dinh d\u01b0\u1ee1ng, kh\u1ea9u v\u1ecb t\u1eebng th\u00e0nh vi\u00ean l\u1ea1i kh\u00e1c nhau, ch\u1ea5t l\u01b0\u1ee3ng th\u1ef1c ph\u1ea9m kh\u00f4ng \u0111\u1ea3m b\u1ea3o v\u00e0 qu\u00e1 tr\u00ecnh ch\u1ebf bi\u1ebfn kh\u00f4ng \u0111\u00fang c\u00e1ch c\u0169ng l\u00e0m v\u01a1i \u0111i h\u00e0m l\u01b0\u1ee3ng dinh d\u01b0\u1ee1ng trong th\u1ef1c ph\u1ea9m\u2026?<\/p>\n<p><img loading=\"lazy\" decoding=\"async\" class=\"size-full wp-image-8382 aligncenter\" src=\"http:\/\/maudep.com.vn\/thuoc\/wp-content\/uploads\/2021\/09\/sp1.png\" alt=\"\" width=\"600\" height=\"602\" srcset=\"https:\/\/thuoc2z.mauthemevn.com\/wp-content\/uploads\/2021\/09\/sp1.png 600w, https:\/\/thuoc2z.mauthemevn.com\/wp-content\/uploads\/2021\/09\/sp1-399x400.png 399w, https:\/\/thuoc2z.mauthemevn.com\/wp-content\/uploads\/2021\/09\/sp1-280x280.png 280w, https:\/\/thuoc2z.mauthemevn.com\/wp-content\/uploads\/2021\/09\/sp1-100x100.png 100w\" sizes=\"auto, (max-width: 600px) 100vw, 600px\" \/><\/p>\n<p>C\u01a1 th\u1ec3 c\u1ea7n dung n\u1ea1p \u0111\u1ee7 dinh d\u01b0\u1ee1ng m\u1ed7i ng\u00e0y \u0111\u1ec3 kh\u1ecfe m\u1ea1nh v\u00e0 ph\u00e1t tri\u1ec3n t\u1ed1t nh\u1ea5t. Multivit Daglig l\u00e0 gi\u1ea3i ph\u00e1p ho\u00e0n h\u1ea3o cho c\u1ea3 gia \u0111\u00ecnh mu\u1ed1n b\u1ed5 sung dinh d\u01b0\u1ee1ng ngo\u00e0i kh\u1ea9u ph\u1ea7n \u0103n h\u1eb1ng ng\u00e0y. th\u1ef1c ph\u1ea9m ch\u1ee9c n\u0103ng Multivit Daglig l\u00e0 12 lo\u1ea1i vitamin v\u00e0 7 lo\u1ea1i kho\u00e1ng ch\u1ea5t c\u1ea7n thi\u1ebft \u0111\u01b0\u1ee3c chi\u1ebft xu\u1ea5t t\u1eeb thi\u00ean nhi\u00ean nh\u1eb1m c\u00e2n b\u1eb1ng dinh d\u01b0\u1ee1ng to\u00e0n di\u1ec7n, th\u00fac \u0111\u1ea9y duy tr\u00ec trao \u0111\u1ed5i ch\u1ea5t, t\u0103ng c\u01b0\u1eddng s\u1ee9c \u0111\u1ec1 kh\u00e1ng v\u00e0 n\u00e2ng cao s\u1ee9c kh\u1ecfe.<\/p>\n<p>Multivit Daglig cung c\u1ea5p vitamin nh\u00f3m B, C, D, E, K &#8211; l\u00e0 m\u1ed9t nh\u00f3m c\u00e1c ch\u1ea5t h\u1eefu c\u01a1 kh\u00f4ng th\u1ec3 thi\u1ebfu c\u1ee7a c\u01a1 th\u1ec3. M\u1eb7c d\u00f9 nhu c\u1ea7u s\u1eed d\u1ee5ng vitamin c\u1ee7a ch\u00fang ta h\u00e0ng ng\u00e0y l\u00e0 r\u1ea5t nh\u1ecf b\u00e9 song con ng\u01b0\u1eddi l\u1ea1i kh\u00f4ng th\u1ec3 t\u1ef1 t\u1ed5ng h\u1ee3p \u0111\u01b0\u1ee3c. \u0110i\u1ec1u n\u00e0y l\u00e0m \u1ea3nh h\u01b0\u1edfng \u0111\u1ebfn s\u1ef1 ph\u00e1t tri\u1ec3n, s\u1ee9c kh\u1ecfe v\u00e0 c\u00f2n c\u00f3 nguy c\u01a1 g\u00e2y n\u00ean c\u00e1c b\u1ec7nh \u0111\u1eb7c hi\u1ec7u.<\/p>\n<p><img loading=\"lazy\" decoding=\"async\" class=\"size-full wp-image-8387 aligncenter\" src=\"http:\/\/maudep.com.vn\/thuoc\/wp-content\/uploads\/2021\/09\/sp6.png\" alt=\"\" width=\"600\" height=\"600\" srcset=\"https:\/\/thuoc2z.mauthemevn.com\/wp-content\/uploads\/2021\/09\/sp6.png 600w, https:\/\/thuoc2z.mauthemevn.com\/wp-content\/uploads\/2021\/09\/sp6-400x400.png 400w, https:\/\/thuoc2z.mauthemevn.com\/wp-content\/uploads\/2021\/09\/sp6-280x280.png 280w, https:\/\/thuoc2z.mauthemevn.com\/wp-content\/uploads\/2021\/09\/sp6-100x100.png 100w\" sizes=\"auto, (max-width: 600px) 100vw, 600px\" \/><\/p>\n<p>C\u01a1 th\u1ec3 c\u1ea7n dung n\u1ea1p \u0111\u1ee7 dinh d\u01b0\u1ee1ng m\u1ed7i ng\u00e0y \u0111\u1ec3 kh\u1ecfe m\u1ea1nh v\u00e0 ph\u00e1t tri\u1ec3n t\u1ed1t nh\u1ea5t. Multivit Daglig l\u00e0 gi\u1ea3i ph\u00e1p ho\u00e0n h\u1ea3o cho c\u1ea3 gia \u0111\u00ecnh mu\u1ed1n b\u1ed5 sung dinh d\u01b0\u1ee1ng ngo\u00e0i kh\u1ea9u ph\u1ea7n \u0103n h\u1eb1ng ng\u00e0y. th\u1ef1c ph\u1ea9m ch\u1ee9c n\u0103ng Multivit Daglig l\u00e0 12 lo\u1ea1i vitamin v\u00e0 7 lo\u1ea1i kho\u00e1ng ch\u1ea5t c\u1ea7n thi\u1ebft \u0111\u01b0\u1ee3c chi\u1ebft xu\u1ea5t t\u1eeb thi\u00ean nhi\u00ean nh\u1eb1m c\u00e2n b\u1eb1ng dinh d\u01b0\u1ee1ng to\u00e0n di\u1ec7n, th\u00fac \u0111\u1ea9y duy tr\u00ec trao \u0111\u1ed5i ch\u1ea5t, t\u0103ng c\u01b0\u1eddng s\u1ee9c \u0111\u1ec1 kh\u00e1ng v\u00e0 n\u00e2ng cao s\u1ee9c kh\u1ecfe. Multivit Daglig cung c\u1ea5p vitamin nh\u00f3m B, C, D, E, K &#8211; l\u00e0 m\u1ed9t nh\u00f3m c\u00e1c ch\u1ea5t h\u1eefu c\u01a1 kh\u00f4ng th\u1ec3 thi\u1ebfu c\u1ee7a c\u01a1 th\u1ec3. M\u1eb7c d\u00f9 nhu c\u1ea7u s\u1eed d\u1ee5ng vitamin c\u1ee7a ch\u00fang ta h\u00e0ng ng\u00e0y l\u00e0 r\u1ea5t nh\u1ecf b\u00e9 song con ng\u01b0\u1eddi l\u1ea1i kh\u00f4ng th\u1ec3 t\u1ef1 t\u1ed5ng h\u1ee3p \u0111\u01b0\u1ee3c. \u0110i\u1ec1u n\u00e0y l\u00e0m \u1ea3nh h\u01b0\u1edfng \u0111\u1ebfn s\u1ef1 ph\u00e1t tri\u1ec3n, s\u1ee9c kh\u1ecfe v\u00e0 c\u00f2n c\u00f3 nguy c\u01a1 g\u00e2y n\u00ean c\u00e1c b\u1ec7nh \u0111\u1eb7c hi\u1ec7u.<\/p>\n","protected":false},"excerpt":{"rendered":"<p>Quy c\u00e1ch: H\u1ed9p 180 vi\u00ean<\/p>\n<p>M\u00e3 s\u1ea3n ph\u1ea9m: 00022009<\/p>\n<p>Vi\u00ean u\u1ed1ng Multivit Daglig Pharmatech gi\u00fap b\u1ed5 sung vitamin v\u00e0 kho\u00e1ng ch\u1ea5t, gi\u00fap c\u01a1 th\u1ec3 kh\u1ecfe m\u1ea1nh.<\/p>\n","protected":false},"featured_media":8385,"comment_status":"open","ping_status":"closed","template":"","meta":[],"product_brand":[],"product_cat":[1164,1161,146,1168,1166,1171,1167,1163,1165,1162],"product_tag":[],"class_list":{"0":"post-8436","1":"product","2":"type-product","3":"status-publish","4":"has-post-thumbnail","6":"product_cat-duoc-my-pham","7":"product_cat-phong-benh-tu-xa","8":"product_cat-san-pham","9":"product_cat-san-pham-thiet-yeu","10":"product_cat-thiet-bi-y-te","11":"product_cat-thuc-pham-chuc-nang","12":"product_cat-thuc-pham-chuc-nang-duoc-my-pham","13":"product_cat-thuc-pham-gia-dinh","14":"product_cat-thuoc","15":"product_cat-tu-thuoc-gia-dinh","17":"first","18":"instock","19":"sale","20":"shipping-taxable","21":"purchasable","22":"product-type-simple"},"yoast_head":"<!-- This site is optimized with the Yoast SEO plugin v26.2 - https:\/\/yoast.com\/wordpress\/plugins\/seo\/ -->\n<title>Vi\u00ean U\u1ed1ng B\u1ed5 Sung Vitamin Kho\u00e1ng Ch\u1ea5t Multivit Daglig - Web thu\u1ed1c<\/title>\n<meta name=\"robots\" content=\"noindex, follow, max-snippet:-1, max-image-preview:large, max-video-preview:-1\" \/>\n<meta property=\"og:locale\" content=\"vi_VN\" \/>\n<meta property=\"og:type\" content=\"article\" \/>\n<meta property=\"og:title\" content=\"Vi\u00ean U\u1ed1ng B\u1ed5 Sung Vitamin Kho\u00e1ng Ch\u1ea5t Multivit Daglig - Web thu\u1ed1c\" \/>\n<meta property=\"og:description\" content=\"Quy c\u00e1ch: H\u1ed9p 180 vi\u00ean  M\u00e3 s\u1ea3n ph\u1ea9m: 00022009  Vi\u00ean u\u1ed1ng Multivit Daglig Pharmatech gi\u00fap b\u1ed5 sung vitamin v\u00e0 kho\u00e1ng ch\u1ea5t, gi\u00fap c\u01a1 th\u1ec3 kh\u1ecfe m\u1ea1nh.\" \/>\n<meta property=\"og:url\" content=\"https:\/\/thuoc2z.mauthemevn.com\/?product=vien-uong-bo-sung-vitamin-khoang-chat-multivit-daglig\" \/>\n<meta property=\"og:site_name\" content=\"Web thu\u1ed1c\" \/>\n<meta property=\"article:modified_time\" content=\"2021-09-30T07:31:36+00:00\" \/>\n<meta property=\"og:image\" content=\"https:\/\/thuoc2z.mauthemevn.com\/wp-content\/uploads\/2021\/09\/sp4.png\" \/>\n\t<meta property=\"og:image:width\" content=\"600\" \/>\n\t<meta property=\"og:image:height\" content=\"600\" \/>\n\t<meta property=\"og:image:type\" content=\"image\/png\" \/>\n<meta name=\"twitter:card\" content=\"summary_large_image\" \/>\n<meta name=\"twitter:label1\" content=\"\u01af\u1edbc t\u00ednh th\u1eddi gian \u0111\u1ecdc\" \/>\n\t<meta name=\"twitter:data1\" content=\"3 ph\u00fat\" \/>\n<script type=\"application\/ld+json\" class=\"yoast-schema-graph\">{\"@context\":\"https:\/\/schema.org\",\"@graph\":[{\"@type\":\"WebPage\",\"@id\":\"https:\/\/thuoc2z.mauthemevn.com\/?product=vien-uong-bo-sung-vitamin-khoang-chat-multivit-daglig\",\"url\":\"https:\/\/thuoc2z.mauthemevn.com\/?product=vien-uong-bo-sung-vitamin-khoang-chat-multivit-daglig\",\"name\":\"Vi\u00ean U\u1ed1ng B\u1ed5 Sung Vitamin Kho\u00e1ng Ch\u1ea5t Multivit Daglig - Web thu\u1ed1c\",\"isPartOf\":{\"@id\":\"https:\/\/thuoc2z.mauthemevn.com\/#website\"},\"primaryImageOfPage\":{\"@id\":\"https:\/\/thuoc2z.mauthemevn.com\/?product=vien-uong-bo-sung-vitamin-khoang-chat-multivit-daglig#primaryimage\"},\"image\":{\"@id\":\"https:\/\/thuoc2z.mauthemevn.com\/?product=vien-uong-bo-sung-vitamin-khoang-chat-multivit-daglig#primaryimage\"},\"thumbnailUrl\":\"https:\/\/thuoc2z.mauthemevn.com\/wp-content\/uploads\/2021\/09\/sp4.png\",\"datePublished\":\"2021-09-30T07:30:39+00:00\",\"dateModified\":\"2021-09-30T07:31:36+00:00\",\"breadcrumb\":{\"@id\":\"https:\/\/thuoc2z.mauthemevn.com\/?product=vien-uong-bo-sung-vitamin-khoang-chat-multivit-daglig#breadcrumb\"},\"inLanguage\":\"vi\",\"potentialAction\":[{\"@type\":\"ReadAction\",\"target\":[\"https:\/\/thuoc2z.mauthemevn.com\/?product=vien-uong-bo-sung-vitamin-khoang-chat-multivit-daglig\"]}]},{\"@type\":\"ImageObject\",\"inLanguage\":\"vi\",\"@id\":\"https:\/\/thuoc2z.mauthemevn.com\/?product=vien-uong-bo-sung-vitamin-khoang-chat-multivit-daglig#primaryimage\",\"url\":\"https:\/\/thuoc2z.mauthemevn.com\/wp-content\/uploads\/2021\/09\/sp4.png\",\"contentUrl\":\"https:\/\/thuoc2z.mauthemevn.com\/wp-content\/uploads\/2021\/09\/sp4.png\",\"width\":600,\"height\":600},{\"@type\":\"BreadcrumbList\",\"@id\":\"https:\/\/thuoc2z.mauthemevn.com\/?product=vien-uong-bo-sung-vitamin-khoang-chat-multivit-daglig#breadcrumb\",\"itemListElement\":[{\"@type\":\"ListItem\",\"position\":1,\"name\":\"Trang ch\u1ee7\",\"item\":\"https:\/\/thuoc2z.mauthemevn.com\/\"},{\"@type\":\"ListItem\",\"position\":2,\"name\":\"Shop\",\"item\":\"https:\/\/thuoc2z.mauthemevn.com\/?page_id=63\"},{\"@type\":\"ListItem\",\"position\":3,\"name\":\"Vi\u00ean U\u1ed1ng B\u1ed5 Sung Vitamin Kho\u00e1ng Ch\u1ea5t Multivit Daglig\"}]},{\"@type\":\"WebSite\",\"@id\":\"https:\/\/thuoc2z.mauthemevn.com\/#website\",\"url\":\"https:\/\/thuoc2z.mauthemevn.com\/\",\"name\":\"Web thu\u1ed1c\",\"description\":\"\",\"potentialAction\":[{\"@type\":\"SearchAction\",\"target\":{\"@type\":\"EntryPoint\",\"urlTemplate\":\"https:\/\/thuoc2z.mauthemevn.com\/?s={search_term_string}\"},\"query-input\":{\"@type\":\"PropertyValueSpecification\",\"valueRequired\":true,\"valueName\":\"search_term_string\"}}],\"inLanguage\":\"vi\"}]}<\/script>\n<!-- \/ Yoast SEO plugin. -->","yoast_head_json":{"title":"Vi\u00ean U\u1ed1ng B\u1ed5 Sung Vitamin Kho\u00e1ng Ch\u1ea5t Multivit Daglig - Web thu\u1ed1c","robots":{"index":"noindex","follow":"follow","max-snippet":"max-snippet:-1","max-image-preview":"max-image-preview:large","max-video-preview":"max-video-preview:-1"},"og_locale":"vi_VN","og_type":"article","og_title":"Vi\u00ean U\u1ed1ng B\u1ed5 Sung Vitamin Kho\u00e1ng Ch\u1ea5t Multivit Daglig - Web thu\u1ed1c","og_description":"Quy c\u00e1ch: H\u1ed9p 180 vi\u00ean  M\u00e3 s\u1ea3n ph\u1ea9m: 00022009  Vi\u00ean u\u1ed1ng Multivit Daglig Pharmatech gi\u00fap b\u1ed5 sung vitamin v\u00e0 kho\u00e1ng ch\u1ea5t, gi\u00fap c\u01a1 th\u1ec3 kh\u1ecfe m\u1ea1nh.","og_url":"https:\/\/thuoc2z.mauthemevn.com\/?product=vien-uong-bo-sung-vitamin-khoang-chat-multivit-daglig","og_site_name":"Web thu\u1ed1c","article_modified_time":"2021-09-30T07:31:36+00:00","og_image":[{"width":600,"height":600,"url":"https:\/\/thuoc2z.mauthemevn.com\/wp-content\/uploads\/2021\/09\/sp4.png","type":"image\/png"}],"twitter_card":"summary_large_image","twitter_misc":{"\u01af\u1edbc t\u00ednh th\u1eddi gian \u0111\u1ecdc":"3 ph\u00fat"},"schema":{"@context":"https:\/\/schema.org","@graph":[{"@type":"WebPage","@id":"https:\/\/thuoc2z.mauthemevn.com\/?product=vien-uong-bo-sung-vitamin-khoang-chat-multivit-daglig","url":"https:\/\/thuoc2z.mauthemevn.com\/?product=vien-uong-bo-sung-vitamin-khoang-chat-multivit-daglig","name":"Vi\u00ean U\u1ed1ng B\u1ed5 Sung Vitamin Kho\u00e1ng Ch\u1ea5t Multivit Daglig - Web thu\u1ed1c","isPartOf":{"@id":"https:\/\/thuoc2z.mauthemevn.com\/#website"},"primaryImageOfPage":{"@id":"https:\/\/thuoc2z.mauthemevn.com\/?product=vien-uong-bo-sung-vitamin-khoang-chat-multivit-daglig#primaryimage"},"image":{"@id":"https:\/\/thuoc2z.mauthemevn.com\/?product=vien-uong-bo-sung-vitamin-khoang-chat-multivit-daglig#primaryimage"},"thumbnailUrl":"https:\/\/thuoc2z.mauthemevn.com\/wp-content\/uploads\/2021\/09\/sp4.png","datePublished":"2021-09-30T07:30:39+00:00","dateModified":"2021-09-30T07:31:36+00:00","breadcrumb":{"@id":"https:\/\/thuoc2z.mauthemevn.com\/?product=vien-uong-bo-sung-vitamin-khoang-chat-multivit-daglig#breadcrumb"},"inLanguage":"vi","potentialAction":[{"@type":"ReadAction","target":["https:\/\/thuoc2z.mauthemevn.com\/?product=vien-uong-bo-sung-vitamin-khoang-chat-multivit-daglig"]}]},{"@type":"ImageObject","inLanguage":"vi","@id":"https:\/\/thuoc2z.mauthemevn.com\/?product=vien-uong-bo-sung-vitamin-khoang-chat-multivit-daglig#primaryimage","url":"https:\/\/thuoc2z.mauthemevn.com\/wp-content\/uploads\/2021\/09\/sp4.png","contentUrl":"https:\/\/thuoc2z.mauthemevn.com\/wp-content\/uploads\/2021\/09\/sp4.png","width":600,"height":600},{"@type":"BreadcrumbList","@id":"https:\/\/thuoc2z.mauthemevn.com\/?product=vien-uong-bo-sung-vitamin-khoang-chat-multivit-daglig#breadcrumb","itemListElement":[{"@type":"ListItem","position":1,"name":"Trang ch\u1ee7","item":"https:\/\/thuoc2z.mauthemevn.com\/"},{"@type":"ListItem","position":2,"name":"Shop","item":"https:\/\/thuoc2z.mauthemevn.com\/?page_id=63"},{"@type":"ListItem","position":3,"name":"Vi\u00ean U\u1ed1ng B\u1ed5 Sung Vitamin Kho\u00e1ng Ch\u1ea5t Multivit Daglig"}]},{"@type":"WebSite","@id":"https:\/\/thuoc2z.mauthemevn.com\/#website","url":"https:\/\/thuoc2z.mauthemevn.com\/","name":"Web thu\u1ed1c","description":"","potentialAction":[{"@type":"SearchAction","target":{"@type":"EntryPoint","urlTemplate":"https:\/\/thuoc2z.mauthemevn.com\/?s={search_term_string}"},"query-input":{"@type":"PropertyValueSpecification","valueRequired":true,"valueName":"search_term_string"}}],"inLanguage":"vi"}]}},"_links":{"self":[{"href":"https:\/\/thuoc2z.mauthemevn.com\/index.php?rest_route=\/wp\/v2\/product\/8436","targetHints":{"allow":["GET"]}}],"collection":[{"href":"https:\/\/thuoc2z.mauthemevn.com\/index.php?rest_route=\/wp\/v2\/product"}],"about":[{"href":"https:\/\/thuoc2z.mauthemevn.com\/index.php?rest_route=\/wp\/v2\/types\/product"}],"replies":[{"embeddable":true,"href":"https:\/\/thuoc2z.mauthemevn.com\/index.php?rest_route=%2Fwp%2Fv2%2Fcomments&post=8436"}],"wp:featuredmedia":[{"embeddable":true,"href":"https:\/\/thuoc2z.mauthemevn.com\/index.php?rest_route=\/wp\/v2\/media\/8385"}],"wp:attachment":[{"href":"https:\/\/thuoc2z.mauthemevn.com\/index.php?rest_route=%2Fwp%2Fv2%2Fmedia&parent=8436"}],"wp:term":[{"taxonomy":"product_brand","embeddable":true,"href":"https:\/\/thuoc2z.mauthemevn.com\/index.php?rest_route=%2Fwp%2Fv2%2Fproduct_brand&post=8436"},{"taxonomy":"product_cat","embeddable":true,"href":"https:\/\/thuoc2z.mauthemevn.com\/index.php?rest_route=%2Fwp%2Fv2%2Fproduct_cat&post=8436"},{"taxonomy":"product_tag","embeddable":true,"href":"https:\/\/thuoc2z.mauthemevn.com\/index.php?rest_route=%2Fwp%2Fv2%2Fproduct_tag&post=8436"}],"curies":[{"name":"wp","href":"https:\/\/api.w.org\/{rel}","templated":true}]}}